{"id":9016,"date":"2022-03-25T17:25:37","date_gmt":"2022-03-25T17:25:37","guid":{"rendered":"https:\/\/pricom.harutheme.com\/mega\/?page_id=9016"},"modified":"2022-03-25T17:25:37","modified_gmt":"2022-03-25T17:25:37","slug":"order-tracking","status":"publish","type":"page","link":"https:\/\/dev.promoprint.hu\/?page_id=9016","title":{"rendered":"Order Tracking"},"content":{"rendered":"\t\t<div data-elementor-type=\"wp-page\" data-elementor-id=\"9016\" class=\"elementor elementor-9016\" data-elementor-post-type=\"page\">\n\t\t\t\t<div class=\"elementor-element elementor-element-fe41468 e-flex e-con-boxed e-con e-parent\" data-id=\"fe41468\" data-element_type=\"container\">\n\t\t\t\t\t<div class=\"e-con-inner\">\n\t\t<div class=\"elementor-element elementor-element-c5129a3 e-flex e-con-boxed e-con e-parent\" data-id=\"c5129a3\" data-element_type=\"container\">\n\t\t\t\t\t<div class=\"e-con-inner\">\n\t\t\t\t<div class=\"elementor-element elementor-element-555e46d elementor-widget elementor-widget-shortcode\" data-id=\"555e46d\" data-element_type=\"widget\" data-widget_type=\"shortcode.default\">\n\t\t\t\t<div class=\"elementor-widget-container\">\n\t\t\t\t\t\t\t<div class=\"elementor-shortcode\"><div class=\"woocommerce\">\n<form action=\"https:\/\/dev.promoprint.hu\/?page_id=9016\" method=\"post\" class=\"woocommerce-form woocommerce-form-track-order track_order\">\n\n\t\n\t<p>A rendel\u00e9sed k\u00f6vet\u00e9s\u00e9hez k\u00e9rlek \u00edrd be a rendel\u00e9si azonos\u00edt\u00f3t az al\u00e1bbi dobozba, majd nyomd meg az &quot;Keres\u00e9s&quot; gombot. A rendel\u00e9si azonos\u00edt\u00f3t a nyugt\u00e1n \u00e9s a meger\u0151s\u00edt\u0151 e-mailben tal\u00e1lod.<\/p>\n\n\t<p class=\"form-row form-row-first\"><label for=\"orderid\">Rendel\u00e9s azonos\u00edt\u00f3ja<\/label> <input class=\"input-text\" type=\"text\" name=\"orderid\" id=\"orderid\" value=\"\" placeholder=\"A rendel\u00e9st meger\u0151s\u00edt\u0151 e-mailben tal\u00e1lhat\u00f3.\" \/><\/p>\t<p class=\"form-row form-row-last\"><label for=\"order_email\">Sz\u00e1ml\u00e1z\u00e1si email<\/label> <input class=\"input-text\" type=\"text\" name=\"order_email\" id=\"order_email\" value=\"\" placeholder=\"A v\u00e1s\u00e1rl\u00e1skor haszn\u00e1lt e-mail c\u00edm.\" \/><\/p>\t<div class=\"clear\"><\/div>\n\n\t\n\t<p class=\"form-row\"><button type=\"submit\" class=\"button\" name=\"track\" value=\"K\u00f6vet\u00e9s\">K\u00f6vet\u00e9s<\/button><\/p>\n\t<input type=\"hidden\" id=\"woocommerce-order-tracking-nonce\" name=\"woocommerce-order-tracking-nonce\" value=\"069467a833\" \/><input type=\"hidden\" name=\"_wp_http_referer\" value=\"\/index.php?rest_route=%2Fwp%2Fv2%2Fpages%2F9016\" \/>\n\t\n<\/form>\n<\/div><\/div>\n\t\t\t\t\t\t<\/div>\n\t\t\t\t<\/div>\n\t\t\t\t\t<\/div>\n\t\t\t\t<\/div>\n\t\t<div class=\"elementor-element elementor-element-b2885b1 e-flex e-con-boxed e-con e-parent\" data-id=\"b2885b1\" data-element_type=\"container\">\n\t\t\t\t\t<div class=\"e-con-inner\">\n\t\t\t\t\t<\/div>\n\t\t\t\t<\/div>\n\t\t\t\t\t<\/div>\n\t\t\t\t<\/div>\n\t\t<div class=\"elementor-element elementor-element-8035cce e-flex e-con-boxed e-con e-parent\" data-id=\"8035cce\" data-element_type=\"container\">\n\t\t\t\t\t<div class=\"e-con-inner\">\n\t\t<div class=\"elementor-element elementor-element-dfdfd9b e-con-full e-flex e-con e-parent\" data-id=\"dfdfd9b\" data-element_type=\"container\">\n\t\t\t\t<\/div>\n\t\t\t\t\t<\/div>\n\t\t\t\t<\/div>\n\t\t\t\t<\/div>\n\t\t","protected":false},"excerpt":{"rendered":"","protected":false},"author":1,"featured_media":0,"parent":0,"menu_order":0,"comment_status":"closed","ping_status":"closed","template":"","meta":{"_siteseo_robots_primary_cat":"","footnotes":""},"class_list":["post-9016","page","type-page","status-publish","hentry"],"_links":{"self":[{"href":"https:\/\/dev.promoprint.hu\/index.php?rest_route=\/wp\/v2\/pages\/9016","targetHints":{"allow":["GET"]}}],"collection":[{"href":"https:\/\/dev.promoprint.hu\/index.php?rest_route=\/wp\/v2\/pages"}],"about":[{"href":"https:\/\/dev.promoprint.hu\/index.php?rest_route=\/wp\/v2\/types\/page"}],"author":[{"embeddable":true,"href":"https:\/\/dev.promoprint.hu\/index.php?rest_route=\/wp\/v2\/users\/1"}],"replies":[{"embeddable":true,"href":"https:\/\/dev.promoprint.hu\/index.php?rest_route=%2Fwp%2Fv2%2Fcomments&post=9016"}],"version-history":[{"count":0,"href":"https:\/\/dev.promoprint.hu\/index.php?rest_route=\/wp\/v2\/pages\/9016\/revisions"}],"wp:attachment":[{"href":"https:\/\/dev.promoprint.hu\/index.php?rest_route=%2Fwp%2Fv2%2Fmedia&parent=9016"}],"curies":[{"name":"wp","href":"https:\/\/api.w.org\/{rel}","templated":true}]}}