{"id":10885,"date":"2022-04-09T15:05:04","date_gmt":"2022-04-09T15:05:04","guid":{"rendered":"https:\/\/pricom.harutheme.com\/mega\/?page_id=10885"},"modified":"2025-02-14T17:47:44","modified_gmt":"2025-02-14T16:47:44","slug":"contact-us-2","status":"publish","type":"page","link":"https:\/\/dev.promoprint.hu\/?page_id=10885","title":{"rendered":"Contact Us 2"},"content":{"rendered":"\t\t<div data-elementor-type=\"wp-page\" data-elementor-id=\"10885\" class=\"elementor elementor-10885\" data-elementor-post-type=\"page\">\n\t\t\t\t<div class=\"elementor-element elementor-element-a5d835d e-flex e-con-boxed e-con e-parent\" data-id=\"a5d835d\" data-element_type=\"container\">\n\t\t\t\t\t<div class=\"e-con-inner\">\n\t\t<div class=\"elementor-element elementor-element-7c14d05 e-con-full e-flex e-con e-child\" data-id=\"7c14d05\" data-element_type=\"container\">\n\t\t\t\t<div class=\"elementor-element elementor-element-c51f1c4 elementor-widget elementor-widget-haru-heading\" data-id=\"c51f1c4\" data-element_type=\"widget\" data-widget_type=\"haru-heading.default\">\n\t\t\t\t<div class=\"elementor-widget-container\">\n\t\t\t\t\t<h2 class=\"haru-heading-title haru-heading-title--heading-5\">Keep in touch with us<\/h2>\t\t\t\t<\/div>\n\t\t\t\t<\/div>\n\t\t\t\t<div class=\"elementor-element elementor-element-e3724bf elementor-widget elementor-widget-haru-heading\" data-id=\"e3724bf\" data-element_type=\"widget\" data-widget_type=\"haru-heading.default\">\n\t\t\t\t<div class=\"elementor-widget-container\">\n\t\t\t\t\t<h2 class=\"haru-heading-title haru-heading-title--description-2\">We\u2019re talking about clean beauty gift sets, of course \u2013 and we\u2019ve got a bouquet of beauties for yourself or someone you love. Ut sed ex elementum, efficitur felis id, varius eros. Aliquam elementum nec.  <\/h2>\t\t\t\t<\/div>\n\t\t\t\t<\/div>\n\t\t<div class=\"elementor-element elementor-element-749049d e-flex e-con-boxed e-con e-child\" data-id=\"749049d\" data-element_type=\"container\">\n\t\t\t\t\t<div class=\"e-con-inner\">\n\t\t<div class=\"elementor-element elementor-element-cb439c8 e-con-full e-flex e-con e-child\" data-id=\"cb439c8\" data-element_type=\"container\">\n\t\t\t\t<div class=\"elementor-element elementor-element-4f1f67f elementor-widget elementor-widget-haru-contact\" data-id=\"4f1f67f\" data-element_type=\"widget\" data-widget_type=\"haru-contact.default\">\n\t\t\t\t<div class=\"elementor-widget-container\">\n\t\t\t\t\t\n        \t\t        \t<div class=\"haru-contact haru-contact--style-5\">\n\t        \t\t\n\n\t<ul>\n\t\t\t\t\t<li>\n\t\t\t\t<div class=\"haru-contact__icon\"><i aria-hidden=\"true\" class=\"fas fa-star\"><\/i><\/div>\n\t\t\t\t<div class=\"haru-contact__content\">\n\t\t\t\t\t<h6 class=\"haru-contact__title\">C\u00edm\u00fcnk<\/h6>\n\t\t\t\t\t<div class=\"haru-contact__desc\">1106 Budapest<br>\nFeh\u00e9r \u00fat 10, 59-es \u00e9p\u00fclet<br>\n<b>\u00cdgy haladj a telephelyen bel\u00fcl:<\/b><br>\n8-as \u00e9p\u00fclet ut\u00e1n fordulj balra,<br>\nmenj el a legh\u00e1ts\u00f3 utc\u00e1ig, majd ism\u00e9t<br> fordulj balra. Jobb k\u00e9z fel\u0151l tal\u00e1lsz minket p\u00e1r m\u00e9ter m\u00falva<\/div>\n\t\t\t\t<\/div>\n\t\t\t<\/li>\n\t\t\t<\/ul>\n\t    \t\t<\/div>\n    \t\t\n    \t\t\t\t\t\t<\/div>\n\t\t\t\t<\/div>\n\t\t\t\t<\/div>\n\t\t<div class=\"elementor-element elementor-element-ac5c171 e-con-full e-flex e-con e-child\" data-id=\"ac5c171\" data-element_type=\"container\">\n\t\t\t\t<div class=\"elementor-element elementor-element-e936e90 elementor-widget elementor-widget-haru-contact\" data-id=\"e936e90\" data-element_type=\"widget\" data-widget_type=\"haru-contact.default\">\n\t\t\t\t<div class=\"elementor-widget-container\">\n\t\t\t\t\t\n        \t\t        \t<div class=\"haru-contact haru-contact--style-5\">\n\t        \t\t\n\n\t<ul>\n\t\t\t\t\t<li>\n\t\t\t\t<div class=\"haru-contact__icon\"><i aria-hidden=\"true\" class=\"fas fa-star\"><\/i><\/div>\n\t\t\t\t<div class=\"haru-contact__content\">\n\t\t\t\t\t<h6 class=\"haru-contact__title\">El\u00e9rhet\u0151s\u00e9geink<\/h6>\n\t\t\t\t\t<div class=\"haru-contact__desc\">Mobile: <strong>06 20 4660 779<\/strong><br>\nK\u00f6zponti:  <strong>06 1 201 2191<\/strong><br>\nE-mail: info@promoprint.hu<\/div>\n\t\t\t\t<\/div>\n\t\t\t<\/li>\n\t\t\t<\/ul>\n\t    \t\t<\/div>\n    \t\t\n    \t\t\t\t\t\t<\/div>\n\t\t\t\t<\/div>\n\t\t\t\t<\/div>\n\t\t\t\t\t<\/div>\n\t\t\t\t<\/div>\n\t\t\t\t<\/div>\n\t\t<div class=\"elementor-element elementor-element-8a0f78a e-con-full e-flex e-con e-child\" data-id=\"8a0f78a\" data-element_type=\"container\">\n\t\t\t\t<div class=\"elementor-element elementor-element-2ab38e1 elementor-widget elementor-widget-haru-heading\" data-id=\"2ab38e1\" data-element_type=\"widget\" data-widget_type=\"haru-heading.default\">\n\t\t\t\t<div class=\"elementor-widget-container\">\n\t\t\t\t\t<h2 class=\"haru-heading-title haru-heading-title--heading-5\">Itt k\u00fcldhetsz \u00fczenetet a r\u00e9sz\u00fcnkre<\/h2>\t\t\t\t<\/div>\n\t\t\t\t<\/div>\n\t\t\t\t<div class=\"elementor-element elementor-element-3b16562 elementor-widget elementor-widget-shortcode\" data-id=\"3b16562\" data-element_type=\"widget\" data-widget_type=\"shortcode.default\">\n\t\t\t\t<div class=\"elementor-widget-container\">\n\t\t\t\t\t\t\t<div class=\"elementor-shortcode\">\n<div class=\"wpcf7 no-js\" id=\"wpcf7-f6153-o1\" lang=\"en-US\" dir=\"ltr\" data-wpcf7-id=\"6153\">\n<div class=\"screen-reader-response\"><p role=\"status\" aria-live=\"polite\" aria-atomic=\"true\"><\/p> <ul><\/ul><\/div>\n<form action=\"\/index.php?rest_route=%2Fwp%2Fv2%2Fpages%2F10885#wpcf7-f6153-o1\" method=\"post\" class=\"wpcf7-form init\" aria-label=\"Contact form\" novalidate=\"novalidate\" data-status=\"init\">\n<div style=\"display: none;\">\n<input type=\"hidden\" name=\"_wpcf7\" value=\"6153\" \/>\n<input type=\"hidden\" name=\"_wpcf7_version\" value=\"6.0.5\" \/>\n<input type=\"hidden\" name=\"_wpcf7_locale\" value=\"en_US\" \/>\n<input type=\"hidden\" name=\"_wpcf7_unit_tag\" value=\"wpcf7-f6153-o1\" \/>\n<input type=\"hidden\" name=\"_wpcf7_container_post\" value=\"0\" \/>\n<input type=\"hidden\" name=\"_wpcf7_posted_data_hash\" value=\"\" \/>\n<\/div>\n<div class=\"contact-form\">\n\n<div class=\"contact-form__row contact-form__row--cols-2\">\n    <div class=\"contact-form__col\">\n        <div class=\"contact-form__input\"><span class=\"wpcf7-form-control-wrap\" data-name=\"first-name\"><input size=\"40\" maxlength=\"400\" class=\"wpcf7-form-control wpcf7-text wpcf7-validates-as-required\" aria-required=\"true\" aria-invalid=\"false\" placeholder=\"First Name\" value=\"\" type=\"text\" name=\"first-name\" \/><\/span><\/div>\n    <\/div>\n    <div class=\"contact-form__col\">\n        <div class=\"contact-form__input\"><span class=\"wpcf7-form-control-wrap\" data-name=\"last-name\"><input size=\"40\" maxlength=\"400\" class=\"wpcf7-form-control wpcf7-text wpcf7-validates-as-required\" aria-required=\"true\" aria-invalid=\"false\" placeholder=\"Last Name\" value=\"\" type=\"text\" name=\"last-name\" \/><\/span><\/div>\n    <\/div>\n<\/div>\n\n<div class=\"contact-form__row\">\n    <div class=\"contact-form__input\"><span class=\"wpcf7-form-control-wrap\" data-name=\"subject\"><input size=\"40\" maxlength=\"400\" class=\"wpcf7-form-control wpcf7-text wpcf7-validates-as-required\" aria-required=\"true\" aria-invalid=\"false\" placeholder=\"Subject\" value=\"\" type=\"text\" name=\"subject\" \/><\/span><\/div>\n<\/div>\n\n<div class=\"contact-form__row\">\n    <div class=\"contact-form__input contact-form__message\"><span class=\"wpcf7-form-control-wrap\" data-name=\"message\"><textarea cols=\"40\" rows=\"10\" maxlength=\"2000\" class=\"wpcf7-form-control wpcf7-textarea wpcf7-validates-as-required\" aria-required=\"true\" aria-invalid=\"false\" placeholder=\"Message\" name=\"message\"><\/textarea><\/span><\/div>\n<\/div>\n\n<div class=\"contact-form__row contact-form__row--submit\">\n    <div class=\"contact-form__submit contact-form__submit--center\">\n    <input class=\"wpcf7-form-control wpcf7-submit has-spinner\" type=\"submit\" value=\"Submit\" \/>\n    <\/div>\n<\/div>\n\n<\/div><div class=\"wpcf7-response-output\" aria-hidden=\"true\"><\/div>\n<\/form>\n<\/div>\n<\/div>\n\t\t\t\t\t\t<\/div>\n\t\t\t\t<\/div>\n\t\t\t\t<\/div>\n\t\t\t\t\t<\/div>\n\t\t\t\t<\/div>\n\t\t<div class=\"elementor-element elementor-element-082b6cd e-flex e-con-boxed e-con e-parent\" data-id=\"082b6cd\" data-element_type=\"container\">\n\t\t\t\t\t<div class=\"e-con-inner\">\n\t\t\t\t<div class=\"elementor-element elementor-element-637a31a elementor-widget elementor-widget-haru-google-maps\" data-id=\"637a31a\" data-element_type=\"widget\" data-widget_type=\"haru-google-maps.default\">\n\t\t\t\t<div class=\"elementor-widget-container\">\n\t\t\t\t\t\n                            <div class=\"haru-google-maps haru-google-maps--style-1\">\n                                        <div class=\"haru-custom-embed\">\n                        <iframe src=\"https:\/\/maps.google.com\/maps?q=New%20York%20City%20Hall&amp;t=m&amp;z=16&amp;output=embed&amp;iwloc=near\" title=\"%3$s\" aria-label=\"%3$s\"><\/iframe>\n                    <\/div>\n                <\/div>\n            \n            \t\t\t\t<\/div>\n\t\t\t\t<\/div>\n\t\t\t\t\t<\/div>\n\t\t\t\t<\/div>\n\t\t\t\t<\/div>\n\t\t","protected":false},"excerpt":{"rendered":"<p>Keep in touch with us We\u2019re talking about clean beauty gift sets, of course \u2013 and we\u2019ve got a bouquet of beauties for yourself or someone you love. Ut sed ex elementum, efficitur felis id, varius eros. Aliquam elementum nec. C\u00edm\u00fcnk 1106 Budapest Feh\u00e9r \u00fat 10, 59-es \u00e9p\u00fclet \u00cdgy haladj a telephelyen bel\u00fcl: 8-as \u00e9p\u00fclet [&hellip;]<\/p>\n","protected":false},"author":1,"featured_media":0,"parent":0,"menu_order":0,"comment_status":"closed","ping_status":"closed","template":"","meta":{"_siteseo_robots_primary_cat":"","footnotes":""},"class_list":["post-10885","page","type-page","status-publish","hentry"],"_links":{"self":[{"href":"https:\/\/dev.promoprint.hu\/index.php?rest_route=\/wp\/v2\/pages\/10885","targetHints":{"allow":["GET"]}}],"collection":[{"href":"https:\/\/dev.promoprint.hu\/index.php?rest_route=\/wp\/v2\/pages"}],"about":[{"href":"https:\/\/dev.promoprint.hu\/index.php?rest_route=\/wp\/v2\/types\/page"}],"author":[{"embeddable":true,"href":"https:\/\/dev.promoprint.hu\/index.php?rest_route=\/wp\/v2\/users\/1"}],"replies":[{"embeddable":true,"href":"https:\/\/dev.promoprint.hu\/index.php?rest_route=%2Fwp%2Fv2%2Fcomments&post=10885"}],"version-history":[{"count":3,"href":"https:\/\/dev.promoprint.hu\/index.php?rest_route=\/wp\/v2\/pages\/10885\/revisions"}],"predecessor-version":[{"id":17842,"href":"https:\/\/dev.promoprint.hu\/index.php?rest_route=\/wp\/v2\/pages\/10885\/revisions\/17842"}],"wp:attachment":[{"href":"https:\/\/dev.promoprint.hu\/index.php?rest_route=%2Fwp%2Fv2%2Fmedia&parent=10885"}],"curies":[{"name":"wp","href":"https:\/\/api.w.org\/{rel}","templated":true}]}}